{"id":95,"date":"2022-07-02T09:58:35","date_gmt":"2022-07-02T07:58:35","guid":{"rendered":"https:\/\/brasseriedesoignies.be\/?page_id=95"},"modified":"2022-07-03T08:55:25","modified_gmt":"2022-07-03T06:55:25","slug":"la-biere-bleue-de-soignies","status":"publish","type":"page","link":"https:\/\/brasseriedesoignies.be\/index.php\/la-biere-bleue-de-soignies\/","title":{"rendered":"La Bi\u00e8re Bleue de Soignies"},"content":{"rendered":"\n<figure class=\"wp-block-image size-large\"><img loading=\"lazy\" width=\"1024\" height=\"555\" src=\"https:\/\/brasseriedesoignies.be\/wp-content\/uploads\/2022\/07\/BB-1024x555.png\" alt=\"\" class=\"wp-image-99\" srcset=\"https:\/\/brasseriedesoignies.be\/wp-content\/uploads\/2022\/07\/BB-1024x555.png 1024w, https:\/\/brasseriedesoignies.be\/wp-content\/uploads\/2022\/07\/BB-300x163.png 300w, https:\/\/brasseriedesoignies.be\/wp-content\/uploads\/2022\/07\/BB-768x416.png 768w, https:\/\/brasseriedesoignies.be\/wp-content\/uploads\/2022\/07\/BB.png 1280w\" sizes=\"(max-width: 767px) 89vw, (max-width: 1000px) 54vw, (max-width: 1071px) 543px, 580px\" \/><\/figure>\n\n\n\n<p>La Bi\u00e8re Bleue de Soignies est une bi\u00e8re bleue \u00e0 4,5% alc. brass\u00e9e avec de la Pierre Bleue provenant des carri\u00e8res de Soignies et rendue bleue de fa\u00e7on naturelle par ajout d&rsquo;algues bleues.  <\/p>\n\n\n\n<p><\/p>\n\n\n\n<figure class=\"wp-block-image size-full\"><img loading=\"lazy\" width=\"720\" height=\"720\" src=\"https:\/\/brasseriedesoignies.be\/wp-content\/uploads\/2022\/07\/rond-bb.png\" alt=\"\" class=\"wp-image-97\" srcset=\"https:\/\/brasseriedesoignies.be\/wp-content\/uploads\/2022\/07\/rond-bb.png 720w, https:\/\/brasseriedesoignies.be\/wp-content\/uploads\/2022\/07\/rond-bb-300x300.png 300w, https:\/\/brasseriedesoignies.be\/wp-content\/uploads\/2022\/07\/rond-bb-150x150.png 150w, https:\/\/brasseriedesoignies.be\/wp-content\/uploads\/2022\/07\/rond-bb-100x100.png 100w\" sizes=\"(max-width: 720px) 100vw, 720px\" \/><\/figure>\n\n\n\n<figure class=\"wp-block-image size-large\"><img loading=\"lazy\" width=\"1024\" height=\"614\" src=\"https:\/\/brasseriedesoignies.be\/wp-content\/uploads\/2022\/07\/Soignies_Biere-bleue-new-33cl-V5-1024x614.jpg\" alt=\"\" class=\"wp-image-100\" srcset=\"https:\/\/brasseriedesoignies.be\/wp-content\/uploads\/2022\/07\/Soignies_Biere-bleue-new-33cl-V5-1024x614.jpg 1024w, https:\/\/brasseriedesoignies.be\/wp-content\/uploads\/2022\/07\/Soignies_Biere-bleue-new-33cl-V5-300x180.jpg 300w, https:\/\/brasseriedesoignies.be\/wp-content\/uploads\/2022\/07\/Soignies_Biere-bleue-new-33cl-V5-768x461.jpg 768w, https:\/\/brasseriedesoignies.be\/wp-content\/uploads\/2022\/07\/Soignies_Biere-bleue-new-33cl-V5.jpg 1500w\" sizes=\"(max-width: 767px) 89vw, (max-width: 1000px) 54vw, (max-width: 1071px) 543px, 580px\" \/><\/figure>\n\n\n\n<figure class=\"wp-block-image size-full\"><img loading=\"lazy\" width=\"730\" height=\"720\" src=\"https:\/\/brasseriedesoignies.be\/wp-content\/uploads\/2022\/07\/carriere-1.png\" alt=\"\" class=\"wp-image-102\" srcset=\"https:\/\/brasseriedesoignies.be\/wp-content\/uploads\/2022\/07\/carriere-1.png 730w, https:\/\/brasseriedesoignies.be\/wp-content\/uploads\/2022\/07\/carriere-1-300x296.png 300w, https:\/\/brasseriedesoignies.be\/wp-content\/uploads\/2022\/07\/carriere-1-100x100.png 100w\" sizes=\"(max-width: 730px) 100vw, 730px\" \/><\/figure>\n\n\n\n<p>L&rsquo;utilisation de la pierre comme ingr\u00e9dient dans la bi\u00e8re, une premi\u00e8re mondiale* ! Le mo\u00fbt de bi\u00e8re \u00e9tant l\u00e9g\u00e8rement acide, il dissout l\u00e9g\u00e8rement la pierre et conf\u00e8re une subtile touche min\u00e9rale \u00e0 la bi\u00e8re. <\/p>\n\n\n\n<p>Les malts et houblons ont \u00e9t\u00e9 s\u00e9lectionn\u00e9s pour faire ressortir au mieux le c\u00f4t\u00e9 min\u00e9ral de la pierre et apporter des ar\u00f4mes de fruits blancs. La bi\u00e8re est rendue bleue par ajout d&rsquo;algues bleues.<\/p>\n\n\n\n<figure class=\"wp-container-2 wp-block-gallery-1 wp-block-gallery has-nested-images columns-default is-cropped\"><\/figure>\n\n\n\n<figure class=\"wp-block-image size-full\"><img loading=\"lazy\" width=\"730\" height=\"720\" src=\"https:\/\/brasseriedesoignies.be\/wp-content\/uploads\/2022\/07\/pierre.png\" alt=\"\" class=\"wp-image-98\" srcset=\"https:\/\/brasseriedesoignies.be\/wp-content\/uploads\/2022\/07\/pierre.png 730w, https:\/\/brasseriedesoignies.be\/wp-content\/uploads\/2022\/07\/pierre-300x296.png 300w, https:\/\/brasseriedesoignies.be\/wp-content\/uploads\/2022\/07\/pierre-100x100.png 100w\" sizes=\"(max-width: 730px) 100vw, 730px\" \/><\/figure>\n\n\n\n<p><strong>La petite histoire<\/strong><\/p>\n\n\n\n<p>La Pierre Bleue, aussi appel\u00e9e \u00ab\u00a0petit granit\u00a0\u00bb, est une roche s\u00e9dimentaire calcaire constitu\u00e9e de fossiles marins et de couleur bleu gris. Elle est pr\u00e9sente dans le Hainaut et extraite dans la r\u00e9gion de Soignies.<\/p>\n\n\n\n<p>L&rsquo;exploitation de la Pierre Bleue \u00e0 Soignies a d\u00e9but\u00e9 il y a plus de 300 ans. La Pierre Bleue est indissociable du patrimoine son\u00e9gien et fait aujourd&rsquo;hui la fiert\u00e9 de ses habitants.<\/p>\n\n\n\n<p><strong>Collaboration<\/strong><\/p>\n\n\n\n<p>Cette bi\u00e8re est issue d&rsquo;une collaboration avec le <a href=\"https:\/\/www.pierrebleuealmeida.be\/\" target=\"_blank\" rel=\"noreferrer noopener\">tailleur de pierre Almeida<\/a> de Soignies.<\/p>\n\n\n\n<p><\/p>\n\n\n\n<p>* Les \u00ab\u00a0Steinbiers\u00a0\u00bb (bi\u00e8res de pierre en Allemand) brass\u00e9es en Bavi\u00e8re et en Scandinavie \u00e9taient obtenues en mettant le mo\u00fbt de bi\u00e8re en contact avec de pierre chauff\u00e9es \u00e0 blanc afin de cristalliser les sucres (de fa\u00e7on similaire \u00e0 une bi\u00e8re ferr\u00e9e). Le principe de \u00ab\u00a0dissoudre\u00a0\u00bb l\u00e9g\u00e8rement la pierre avec l&rsquo;acidit\u00e9 du mo\u00fbt pour donner une touche min\u00e9rale \u00e0 la bi\u00e8re est, \u00e0 notre connaissance, une premi\u00e8re mondiale !<\/p>\n\n\n\n<p><\/p>\n","protected":false},"excerpt":{"rendered":"<p>La Bi\u00e8re Bleue de Soignies est une bi\u00e8re bleue \u00e0 4,5% alc. brass\u00e9e avec de la Pierre Bleue provenant des carri\u00e8res de Soignies et rendue bleue de fa\u00e7on naturelle par ajout d&rsquo;algues bleues. L&rsquo;utilisation de la pierre comme ingr\u00e9dient dans la bi\u00e8re, une premi\u00e8re mondiale* ! Le mo\u00fbt de bi\u00e8re \u00e9tant l\u00e9g\u00e8rement acide, il dissout &hellip; <\/p>\n<p class=\"link-more\"><a href=\"https:\/\/brasseriedesoignies.be\/index.php\/la-biere-bleue-de-soignies\/\" class=\"more-link\">Continuer la lecture<span class=\"screen-reader-text\"> de &laquo;&nbsp;La Bi\u00e8re Bleue de Soignies&nbsp;&raquo;<\/span><\/a><\/p>\n","protected":false},"author":1,"featured_media":0,"parent":0,"menu_order":0,"comment_status":"closed","ping_status":"closed","template":"","meta":[],"yoast_head":"<!-- This site is optimized with the Yoast SEO plugin v19.3 - https:\/\/yoast.com\/wordpress\/plugins\/seo\/ -->\n<title>La Bi\u00e8re Bleue de Soignies - Brasserie de Soignies<\/title>\n<meta name=\"robots\" content=\"index, follow, max-snippet:-1, max-image-preview:large, max-video-preview:-1\" \/>\n<link rel=\"canonical\" href=\"https:\/\/brasseriedesoignies.be\/index.php\/la-biere-bleue-de-soignies\/\" \/>\n<meta property=\"og:locale\" content=\"fr_FR\" \/>\n<meta property=\"og:type\" content=\"article\" \/>\n<meta property=\"og:title\" content=\"La Bi\u00e8re Bleue de Soignies - Brasserie de Soignies\" \/>\n<meta property=\"og:description\" content=\"La Bi\u00e8re Bleue de Soignies est une bi\u00e8re bleue \u00e0 4,5% alc. brass\u00e9e avec de la Pierre Bleue provenant des carri\u00e8res de Soignies et rendue bleue de fa\u00e7on naturelle par ajout d&rsquo;algues bleues. L&rsquo;utilisation de la pierre comme ingr\u00e9dient dans la bi\u00e8re, une premi\u00e8re mondiale* ! Le mo\u00fbt de bi\u00e8re \u00e9tant l\u00e9g\u00e8rement acide, il dissout &hellip; Continuer la lecture de &laquo;&nbsp;La Bi\u00e8re Bleue de Soignies&nbsp;&raquo;\" \/>\n<meta property=\"og:url\" content=\"https:\/\/brasseriedesoignies.be\/index.php\/la-biere-bleue-de-soignies\/\" \/>\n<meta property=\"og:site_name\" content=\"Brasserie de Soignies\" \/>\n<meta property=\"article:publisher\" content=\"https:\/\/www.facebook.com\/BrasseriedeSoignies\" \/>\n<meta property=\"article:modified_time\" content=\"2022-07-03T06:55:25+00:00\" \/>\n<meta property=\"og:image\" content=\"https:\/\/brasseriedesoignies.be\/wp-content\/uploads\/2022\/07\/BB-1024x555.png\" \/>\n<meta name=\"twitter:card\" content=\"summary_large_image\" \/>\n<meta name=\"twitter:label1\" content=\"Dur\u00e9e de lecture estim\u00e9e\" \/>\n\t<meta name=\"twitter:data1\" content=\"1 minute\" \/>\n<script type=\"application\/ld+json\" class=\"yoast-schema-graph\">{\"@context\":\"https:\/\/schema.org\",\"@graph\":[{\"@type\":\"Organization\",\"@id\":\"https:\/\/brasseriedesoignies.be\/#organization\",\"name\":\"Brasserie de Soignies\",\"url\":\"https:\/\/brasseriedesoignies.be\/\",\"sameAs\":[\"https:\/\/www.instagram.com\/brasserie_de_soignies\/\",\"https:\/\/www.facebook.com\/BrasseriedeSoignies\"],\"logo\":{\"@type\":\"ImageObject\",\"inLanguage\":\"fr-FR\",\"@id\":\"https:\/\/brasseriedesoignies.be\/#\/schema\/logo\/image\/\",\"url\":\"https:\/\/brasseriedesoignies.be\/wp-content\/uploads\/2022\/07\/logo-hoppy-scaled.jpg\",\"contentUrl\":\"https:\/\/brasseriedesoignies.be\/wp-content\/uploads\/2022\/07\/logo-hoppy-scaled.jpg\",\"width\":2560,\"height\":1811,\"caption\":\"Brasserie de Soignies\"},\"image\":{\"@id\":\"https:\/\/brasseriedesoignies.be\/#\/schema\/logo\/image\/\"}},{\"@type\":\"WebSite\",\"@id\":\"https:\/\/brasseriedesoignies.be\/#website\",\"url\":\"https:\/\/brasseriedesoignies.be\/\",\"name\":\"Brasserie de Soignies\",\"description\":\"Le projet brassicole de la Brasserie Hoppy pour mettre en avant le patrimoine historique et culturel de la ville ainsi que mettre \u00e0 l\u2019honneur ses artisans et producteurs locaux\",\"publisher\":{\"@id\":\"https:\/\/brasseriedesoignies.be\/#organization\"},\"potentialAction\":[{\"@type\":\"SearchAction\",\"target\":{\"@type\":\"EntryPoint\",\"urlTemplate\":\"https:\/\/brasseriedesoignies.be\/?s={search_term_string}\"},\"query-input\":\"required name=search_term_string\"}],\"inLanguage\":\"fr-FR\"},{\"@type\":\"ImageObject\",\"inLanguage\":\"fr-FR\",\"@id\":\"https:\/\/brasseriedesoignies.be\/index.php\/la-biere-bleue-de-soignies\/#primaryimage\",\"url\":\"https:\/\/brasseriedesoignies.be\/wp-content\/uploads\/2022\/07\/BB.png\",\"contentUrl\":\"https:\/\/brasseriedesoignies.be\/wp-content\/uploads\/2022\/07\/BB.png\",\"width\":1280,\"height\":694},{\"@type\":\"WebPage\",\"@id\":\"https:\/\/brasseriedesoignies.be\/index.php\/la-biere-bleue-de-soignies\/\",\"url\":\"https:\/\/brasseriedesoignies.be\/index.php\/la-biere-bleue-de-soignies\/\",\"name\":\"La Bi\u00e8re Bleue de Soignies - Brasserie de Soignies\",\"isPartOf\":{\"@id\":\"https:\/\/brasseriedesoignies.be\/#website\"},\"primaryImageOfPage\":{\"@id\":\"https:\/\/brasseriedesoignies.be\/index.php\/la-biere-bleue-de-soignies\/#primaryimage\"},\"datePublished\":\"2022-07-02T07:58:35+00:00\",\"dateModified\":\"2022-07-03T06:55:25+00:00\",\"breadcrumb\":{\"@id\":\"https:\/\/brasseriedesoignies.be\/index.php\/la-biere-bleue-de-soignies\/#breadcrumb\"},\"inLanguage\":\"fr-FR\",\"potentialAction\":[{\"@type\":\"ReadAction\",\"target\":[\"https:\/\/brasseriedesoignies.be\/index.php\/la-biere-bleue-de-soignies\/\"]}]},{\"@type\":\"BreadcrumbList\",\"@id\":\"https:\/\/brasseriedesoignies.be\/index.php\/la-biere-bleue-de-soignies\/#breadcrumb\",\"itemListElement\":[{\"@type\":\"ListItem\",\"position\":1,\"name\":\"Accueil\",\"item\":\"https:\/\/brasseriedesoignies.be\/\"},{\"@type\":\"ListItem\",\"position\":2,\"name\":\"La Bi\u00e8re Bleue de Soignies\"}]}]}<\/script>\n<!-- \/ Yoast SEO plugin. -->","yoast_head_json":{"title":"La Bi\u00e8re Bleue de Soignies - Brasserie de Soignies","robots":{"index":"index","follow":"follow","max-snippet":"max-snippet:-1","max-image-preview":"max-image-preview:large","max-video-preview":"max-video-preview:-1"},"canonical":"https:\/\/brasseriedesoignies.be\/index.php\/la-biere-bleue-de-soignies\/","og_locale":"fr_FR","og_type":"article","og_title":"La Bi\u00e8re Bleue de Soignies - Brasserie de Soignies","og_description":"La Bi\u00e8re Bleue de Soignies est une bi\u00e8re bleue \u00e0 4,5% alc. brass\u00e9e avec de la Pierre Bleue provenant des carri\u00e8res de Soignies et rendue bleue de fa\u00e7on naturelle par ajout d&rsquo;algues bleues. L&rsquo;utilisation de la pierre comme ingr\u00e9dient dans la bi\u00e8re, une premi\u00e8re mondiale* ! Le mo\u00fbt de bi\u00e8re \u00e9tant l\u00e9g\u00e8rement acide, il dissout &hellip; Continuer la lecture de &laquo;&nbsp;La Bi\u00e8re Bleue de Soignies&nbsp;&raquo;","og_url":"https:\/\/brasseriedesoignies.be\/index.php\/la-biere-bleue-de-soignies\/","og_site_name":"Brasserie de Soignies","article_publisher":"https:\/\/www.facebook.com\/BrasseriedeSoignies","article_modified_time":"2022-07-03T06:55:25+00:00","og_image":[{"url":"https:\/\/brasseriedesoignies.be\/wp-content\/uploads\/2022\/07\/BB-1024x555.png"}],"twitter_card":"summary_large_image","twitter_misc":{"Dur\u00e9e de lecture estim\u00e9e":"1 minute"},"schema":{"@context":"https:\/\/schema.org","@graph":[{"@type":"Organization","@id":"https:\/\/brasseriedesoignies.be\/#organization","name":"Brasserie de Soignies","url":"https:\/\/brasseriedesoignies.be\/","sameAs":["https:\/\/www.instagram.com\/brasserie_de_soignies\/","https:\/\/www.facebook.com\/BrasseriedeSoignies"],"logo":{"@type":"ImageObject","inLanguage":"fr-FR","@id":"https:\/\/brasseriedesoignies.be\/#\/schema\/logo\/image\/","url":"https:\/\/brasseriedesoignies.be\/wp-content\/uploads\/2022\/07\/logo-hoppy-scaled.jpg","contentUrl":"https:\/\/brasseriedesoignies.be\/wp-content\/uploads\/2022\/07\/logo-hoppy-scaled.jpg","width":2560,"height":1811,"caption":"Brasserie de Soignies"},"image":{"@id":"https:\/\/brasseriedesoignies.be\/#\/schema\/logo\/image\/"}},{"@type":"WebSite","@id":"https:\/\/brasseriedesoignies.be\/#website","url":"https:\/\/brasseriedesoignies.be\/","name":"Brasserie de Soignies","description":"Le projet brassicole de la Brasserie Hoppy pour mettre en avant le patrimoine historique et culturel de la ville ainsi que mettre \u00e0 l\u2019honneur ses artisans et producteurs locaux","publisher":{"@id":"https:\/\/brasseriedesoignies.be\/#organization"},"potentialAction":[{"@type":"SearchAction","target":{"@type":"EntryPoint","urlTemplate":"https:\/\/brasseriedesoignies.be\/?s={search_term_string}"},"query-input":"required name=search_term_string"}],"inLanguage":"fr-FR"},{"@type":"ImageObject","inLanguage":"fr-FR","@id":"https:\/\/brasseriedesoignies.be\/index.php\/la-biere-bleue-de-soignies\/#primaryimage","url":"https:\/\/brasseriedesoignies.be\/wp-content\/uploads\/2022\/07\/BB.png","contentUrl":"https:\/\/brasseriedesoignies.be\/wp-content\/uploads\/2022\/07\/BB.png","width":1280,"height":694},{"@type":"WebPage","@id":"https:\/\/brasseriedesoignies.be\/index.php\/la-biere-bleue-de-soignies\/","url":"https:\/\/brasseriedesoignies.be\/index.php\/la-biere-bleue-de-soignies\/","name":"La Bi\u00e8re Bleue de Soignies - Brasserie de Soignies","isPartOf":{"@id":"https:\/\/brasseriedesoignies.be\/#website"},"primaryImageOfPage":{"@id":"https:\/\/brasseriedesoignies.be\/index.php\/la-biere-bleue-de-soignies\/#primaryimage"},"datePublished":"2022-07-02T07:58:35+00:00","dateModified":"2022-07-03T06:55:25+00:00","breadcrumb":{"@id":"https:\/\/brasseriedesoignies.be\/index.php\/la-biere-bleue-de-soignies\/#breadcrumb"},"inLanguage":"fr-FR","potentialAction":[{"@type":"ReadAction","target":["https:\/\/brasseriedesoignies.be\/index.php\/la-biere-bleue-de-soignies\/"]}]},{"@type":"BreadcrumbList","@id":"https:\/\/brasseriedesoignies.be\/index.php\/la-biere-bleue-de-soignies\/#breadcrumb","itemListElement":[{"@type":"ListItem","position":1,"name":"Accueil","item":"https:\/\/brasseriedesoignies.be\/"},{"@type":"ListItem","position":2,"name":"La Bi\u00e8re Bleue de Soignies"}]}]}},"_links":{"self":[{"href":"https:\/\/brasseriedesoignies.be\/index.php\/wp-json\/wp\/v2\/pages\/95"}],"collection":[{"href":"https:\/\/brasseriedesoignies.be\/index.php\/wp-json\/wp\/v2\/pages"}],"about":[{"href":"https:\/\/brasseriedesoignies.be\/index.php\/wp-json\/wp\/v2\/types\/page"}],"author":[{"embeddable":true,"href":"https:\/\/brasseriedesoignies.be\/index.php\/wp-json\/wp\/v2\/users\/1"}],"replies":[{"embeddable":true,"href":"https:\/\/brasseriedesoignies.be\/index.php\/wp-json\/wp\/v2\/comments?post=95"}],"version-history":[{"count":5,"href":"https:\/\/brasseriedesoignies.be\/index.php\/wp-json\/wp\/v2\/pages\/95\/revisions"}],"predecessor-version":[{"id":123,"href":"https:\/\/brasseriedesoignies.be\/index.php\/wp-json\/wp\/v2\/pages\/95\/revisions\/123"}],"wp:attachment":[{"href":"https:\/\/brasseriedesoignies.be\/index.php\/wp-json\/wp\/v2\/media?parent=95"}],"curies":[{"name":"wp","href":"https:\/\/api.w.org\/{rel}","templated":true}]}}