{"id":48,"date":"2021-10-10T13:45:11","date_gmt":"2021-10-10T11:45:11","guid":{"rendered":"https:\/\/brasseriedesoignies.be\/?page_id=48"},"modified":"2021-10-10T15:10:00","modified_gmt":"2021-10-10T13:10:00","slug":"la-brasserie","status":"publish","type":"page","link":"https:\/\/brasseriedesoignies.be\/index.php\/la-brasserie\/","title":{"rendered":"La Brasserie"},"content":{"rendered":"\n<p>C\u2019est en 2013 que nous avons\u00a0d\u00e9cid\u00e9 de franchir le pas et de cr\u00e9er la micro-brasserie Hoppy qui a vu le jour fin 2015 avec un premier brassin d\u00e9but 2016.\u00a0<\/p>\n\n\n\n<p>Notre salle \u00e0 brasser nous permet de r\u00e9aliser des brassins de 150 litres ou des doubles brassins de 300 litres. Afin de maitrisser au mieux la qualit\u00e9 de nos bi\u00e8res  nous nous sommes \u00e9quip\u00e9s de nouveaux fermenteurs cylindro-coniques pressurisables et contr\u00f4l\u00e9s en temp\u00e9rature. <\/p>\n\n\n\n<figure class=\"wp-block-image size-large\"><img loading=\"lazy\" width=\"1024\" height=\"768\" src=\"https:\/\/brasseriedesoignies.be\/wp-content\/uploads\/2021\/10\/IMG_1734-1024x768.jpg\" alt=\"\" class=\"wp-image-50\" srcset=\"https:\/\/brasseriedesoignies.be\/wp-content\/uploads\/2021\/10\/IMG_1734-1024x768.jpg 1024w, https:\/\/brasseriedesoignies.be\/wp-content\/uploads\/2021\/10\/IMG_1734-300x225.jpg 300w, https:\/\/brasseriedesoignies.be\/wp-content\/uploads\/2021\/10\/IMG_1734-768x576.jpg 768w, https:\/\/brasseriedesoignies.be\/wp-content\/uploads\/2021\/10\/IMG_1734-1536x1152.jpg 1536w, https:\/\/brasseriedesoignies.be\/wp-content\/uploads\/2021\/10\/IMG_1734-2048x1536.jpg 2048w\" sizes=\"(max-width: 767px) 89vw, (max-width: 1000px) 54vw, (max-width: 1071px) 543px, 580px\" \/><\/figure>\n\n\n\n<p>Nous diposons \u00e9galement une petite structure pilote de 15-20 litresnous permettant le d\u00e9veloppement de nouvelles recettes cr\u00e9atives.<br><\/p>\n","protected":false},"excerpt":{"rendered":"<p>C\u2019est en 2013 que nous avons\u00a0d\u00e9cid\u00e9 de franchir le pas et de cr\u00e9er la micro-brasserie Hoppy qui a vu le jour fin 2015 avec un premier brassin d\u00e9but 2016.\u00a0 Notre salle \u00e0 brasser nous permet de r\u00e9aliser des brassins de 150 litres ou des doubles brassins de 300 litres. Afin de maitrisser au mieux la &hellip; <\/p>\n<p class=\"link-more\"><a href=\"https:\/\/brasseriedesoignies.be\/index.php\/la-brasserie\/\" class=\"more-link\">Continuer la lecture<span class=\"screen-reader-text\"> de &laquo;&nbsp;La Brasserie&nbsp;&raquo;<\/span><\/a><\/p>\n","protected":false},"author":1,"featured_media":0,"parent":0,"menu_order":0,"comment_status":"closed","ping_status":"closed","template":"","meta":[],"yoast_head":"<!-- This site is optimized with the Yoast SEO plugin v19.3 - https:\/\/yoast.com\/wordpress\/plugins\/seo\/ -->\n<title>La Brasserie - Brasserie de Soignies<\/title>\n<meta name=\"robots\" content=\"index, follow, max-snippet:-1, max-image-preview:large, max-video-preview:-1\" \/>\n<link rel=\"canonical\" href=\"https:\/\/brasseriedesoignies.be\/index.php\/la-brasserie\/\" \/>\n<meta property=\"og:locale\" content=\"fr_FR\" \/>\n<meta property=\"og:type\" content=\"article\" \/>\n<meta property=\"og:title\" content=\"La Brasserie - Brasserie de Soignies\" \/>\n<meta property=\"og:description\" content=\"C\u2019est en 2013 que nous avons\u00a0d\u00e9cid\u00e9 de franchir le pas et de cr\u00e9er la micro-brasserie Hoppy qui a vu le jour fin 2015 avec un premier brassin d\u00e9but 2016.\u00a0 Notre salle \u00e0 brasser nous permet de r\u00e9aliser des brassins de 150 litres ou des doubles brassins de 300 litres. Afin de maitrisser au mieux la &hellip; Continuer la lecture de &laquo;&nbsp;La Brasserie&nbsp;&raquo;\" \/>\n<meta property=\"og:url\" content=\"https:\/\/brasseriedesoignies.be\/index.php\/la-brasserie\/\" \/>\n<meta property=\"og:site_name\" content=\"Brasserie de Soignies\" \/>\n<meta property=\"article:publisher\" content=\"https:\/\/www.facebook.com\/BrasseriedeSoignies\" \/>\n<meta property=\"article:modified_time\" content=\"2021-10-10T13:10:00+00:00\" \/>\n<meta property=\"og:image\" content=\"https:\/\/brasseriedesoignies.be\/wp-content\/uploads\/2021\/10\/IMG_1734-1024x768.jpg\" \/>\n<meta name=\"twitter:card\" content=\"summary_large_image\" \/>\n<script type=\"application\/ld+json\" class=\"yoast-schema-graph\">{\"@context\":\"https:\/\/schema.org\",\"@graph\":[{\"@type\":\"Organization\",\"@id\":\"https:\/\/brasseriedesoignies.be\/#organization\",\"name\":\"Brasserie de Soignies\",\"url\":\"https:\/\/brasseriedesoignies.be\/\",\"sameAs\":[\"https:\/\/www.instagram.com\/brasserie_de_soignies\/\",\"https:\/\/www.facebook.com\/BrasseriedeSoignies\"],\"logo\":{\"@type\":\"ImageObject\",\"inLanguage\":\"fr-FR\",\"@id\":\"https:\/\/brasseriedesoignies.be\/#\/schema\/logo\/image\/\",\"url\":\"https:\/\/brasseriedesoignies.be\/wp-content\/uploads\/2022\/07\/logo-hoppy-scaled.jpg\",\"contentUrl\":\"https:\/\/brasseriedesoignies.be\/wp-content\/uploads\/2022\/07\/logo-hoppy-scaled.jpg\",\"width\":2560,\"height\":1811,\"caption\":\"Brasserie de Soignies\"},\"image\":{\"@id\":\"https:\/\/brasseriedesoignies.be\/#\/schema\/logo\/image\/\"}},{\"@type\":\"WebSite\",\"@id\":\"https:\/\/brasseriedesoignies.be\/#website\",\"url\":\"https:\/\/brasseriedesoignies.be\/\",\"name\":\"Brasserie de Soignies\",\"description\":\"Le projet brassicole de la Brasserie Hoppy pour mettre en avant le patrimoine historique et culturel de la ville ainsi que mettre \u00e0 l\u2019honneur ses artisans et producteurs locaux\",\"publisher\":{\"@id\":\"https:\/\/brasseriedesoignies.be\/#organization\"},\"potentialAction\":[{\"@type\":\"SearchAction\",\"target\":{\"@type\":\"EntryPoint\",\"urlTemplate\":\"https:\/\/brasseriedesoignies.be\/?s={search_term_string}\"},\"query-input\":\"required name=search_term_string\"}],\"inLanguage\":\"fr-FR\"},{\"@type\":\"ImageObject\",\"inLanguage\":\"fr-FR\",\"@id\":\"https:\/\/brasseriedesoignies.be\/index.php\/la-brasserie\/#primaryimage\",\"url\":\"https:\/\/brasseriedesoignies.be\/wp-content\/uploads\/2021\/10\/IMG_1734-1024x768.jpg\",\"contentUrl\":\"https:\/\/brasseriedesoignies.be\/wp-content\/uploads\/2021\/10\/IMG_1734-1024x768.jpg\"},{\"@type\":\"WebPage\",\"@id\":\"https:\/\/brasseriedesoignies.be\/index.php\/la-brasserie\/\",\"url\":\"https:\/\/brasseriedesoignies.be\/index.php\/la-brasserie\/\",\"name\":\"La Brasserie - Brasserie de Soignies\",\"isPartOf\":{\"@id\":\"https:\/\/brasseriedesoignies.be\/#website\"},\"primaryImageOfPage\":{\"@id\":\"https:\/\/brasseriedesoignies.be\/index.php\/la-brasserie\/#primaryimage\"},\"datePublished\":\"2021-10-10T11:45:11+00:00\",\"dateModified\":\"2021-10-10T13:10:00+00:00\",\"breadcrumb\":{\"@id\":\"https:\/\/brasseriedesoignies.be\/index.php\/la-brasserie\/#breadcrumb\"},\"inLanguage\":\"fr-FR\",\"potentialAction\":[{\"@type\":\"ReadAction\",\"target\":[\"https:\/\/brasseriedesoignies.be\/index.php\/la-brasserie\/\"]}]},{\"@type\":\"BreadcrumbList\",\"@id\":\"https:\/\/brasseriedesoignies.be\/index.php\/la-brasserie\/#breadcrumb\",\"itemListElement\":[{\"@type\":\"ListItem\",\"position\":1,\"name\":\"Accueil\",\"item\":\"https:\/\/brasseriedesoignies.be\/\"},{\"@type\":\"ListItem\",\"position\":2,\"name\":\"La Brasserie\"}]}]}<\/script>\n<!-- \/ Yoast SEO plugin. -->","yoast_head_json":{"title":"La Brasserie - Brasserie de Soignies","robots":{"index":"index","follow":"follow","max-snippet":"max-snippet:-1","max-image-preview":"max-image-preview:large","max-video-preview":"max-video-preview:-1"},"canonical":"https:\/\/brasseriedesoignies.be\/index.php\/la-brasserie\/","og_locale":"fr_FR","og_type":"article","og_title":"La Brasserie - Brasserie de Soignies","og_description":"C\u2019est en 2013 que nous avons\u00a0d\u00e9cid\u00e9 de franchir le pas et de cr\u00e9er la micro-brasserie Hoppy qui a vu le jour fin 2015 avec un premier brassin d\u00e9but 2016.\u00a0 Notre salle \u00e0 brasser nous permet de r\u00e9aliser des brassins de 150 litres ou des doubles brassins de 300 litres. Afin de maitrisser au mieux la &hellip; Continuer la lecture de &laquo;&nbsp;La Brasserie&nbsp;&raquo;","og_url":"https:\/\/brasseriedesoignies.be\/index.php\/la-brasserie\/","og_site_name":"Brasserie de Soignies","article_publisher":"https:\/\/www.facebook.com\/BrasseriedeSoignies","article_modified_time":"2021-10-10T13:10:00+00:00","og_image":[{"url":"https:\/\/brasseriedesoignies.be\/wp-content\/uploads\/2021\/10\/IMG_1734-1024x768.jpg"}],"twitter_card":"summary_large_image","schema":{"@context":"https:\/\/schema.org","@graph":[{"@type":"Organization","@id":"https:\/\/brasseriedesoignies.be\/#organization","name":"Brasserie de Soignies","url":"https:\/\/brasseriedesoignies.be\/","sameAs":["https:\/\/www.instagram.com\/brasserie_de_soignies\/","https:\/\/www.facebook.com\/BrasseriedeSoignies"],"logo":{"@type":"ImageObject","inLanguage":"fr-FR","@id":"https:\/\/brasseriedesoignies.be\/#\/schema\/logo\/image\/","url":"https:\/\/brasseriedesoignies.be\/wp-content\/uploads\/2022\/07\/logo-hoppy-scaled.jpg","contentUrl":"https:\/\/brasseriedesoignies.be\/wp-content\/uploads\/2022\/07\/logo-hoppy-scaled.jpg","width":2560,"height":1811,"caption":"Brasserie de Soignies"},"image":{"@id":"https:\/\/brasseriedesoignies.be\/#\/schema\/logo\/image\/"}},{"@type":"WebSite","@id":"https:\/\/brasseriedesoignies.be\/#website","url":"https:\/\/brasseriedesoignies.be\/","name":"Brasserie de Soignies","description":"Le projet brassicole de la Brasserie Hoppy pour mettre en avant le patrimoine historique et culturel de la ville ainsi que mettre \u00e0 l\u2019honneur ses artisans et producteurs locaux","publisher":{"@id":"https:\/\/brasseriedesoignies.be\/#organization"},"potentialAction":[{"@type":"SearchAction","target":{"@type":"EntryPoint","urlTemplate":"https:\/\/brasseriedesoignies.be\/?s={search_term_string}"},"query-input":"required name=search_term_string"}],"inLanguage":"fr-FR"},{"@type":"ImageObject","inLanguage":"fr-FR","@id":"https:\/\/brasseriedesoignies.be\/index.php\/la-brasserie\/#primaryimage","url":"https:\/\/brasseriedesoignies.be\/wp-content\/uploads\/2021\/10\/IMG_1734-1024x768.jpg","contentUrl":"https:\/\/brasseriedesoignies.be\/wp-content\/uploads\/2021\/10\/IMG_1734-1024x768.jpg"},{"@type":"WebPage","@id":"https:\/\/brasseriedesoignies.be\/index.php\/la-brasserie\/","url":"https:\/\/brasseriedesoignies.be\/index.php\/la-brasserie\/","name":"La Brasserie - Brasserie de Soignies","isPartOf":{"@id":"https:\/\/brasseriedesoignies.be\/#website"},"primaryImageOfPage":{"@id":"https:\/\/brasseriedesoignies.be\/index.php\/la-brasserie\/#primaryimage"},"datePublished":"2021-10-10T11:45:11+00:00","dateModified":"2021-10-10T13:10:00+00:00","breadcrumb":{"@id":"https:\/\/brasseriedesoignies.be\/index.php\/la-brasserie\/#breadcrumb"},"inLanguage":"fr-FR","potentialAction":[{"@type":"ReadAction","target":["https:\/\/brasseriedesoignies.be\/index.php\/la-brasserie\/"]}]},{"@type":"BreadcrumbList","@id":"https:\/\/brasseriedesoignies.be\/index.php\/la-brasserie\/#breadcrumb","itemListElement":[{"@type":"ListItem","position":1,"name":"Accueil","item":"https:\/\/brasseriedesoignies.be\/"},{"@type":"ListItem","position":2,"name":"La Brasserie"}]}]}},"_links":{"self":[{"href":"https:\/\/brasseriedesoignies.be\/index.php\/wp-json\/wp\/v2\/pages\/48"}],"collection":[{"href":"https:\/\/brasseriedesoignies.be\/index.php\/wp-json\/wp\/v2\/pages"}],"about":[{"href":"https:\/\/brasseriedesoignies.be\/index.php\/wp-json\/wp\/v2\/types\/page"}],"author":[{"embeddable":true,"href":"https:\/\/brasseriedesoignies.be\/index.php\/wp-json\/wp\/v2\/users\/1"}],"replies":[{"embeddable":true,"href":"https:\/\/brasseriedesoignies.be\/index.php\/wp-json\/wp\/v2\/comments?post=48"}],"version-history":[{"count":2,"href":"https:\/\/brasseriedesoignies.be\/index.php\/wp-json\/wp\/v2\/pages\/48\/revisions"}],"predecessor-version":[{"id":61,"href":"https:\/\/brasseriedesoignies.be\/index.php\/wp-json\/wp\/v2\/pages\/48\/revisions\/61"}],"wp:attachment":[{"href":"https:\/\/brasseriedesoignies.be\/index.php\/wp-json\/wp\/v2\/media?parent=48"}],"curies":[{"name":"wp","href":"https:\/\/api.w.org\/{rel}","templated":true}]}}