{"id":110,"date":"2022-07-03T08:45:46","date_gmt":"2022-07-03T06:45:46","guid":{"rendered":"https:\/\/brasseriedesoignies.be\/?page_id=110"},"modified":"2022-07-03T08:52:25","modified_gmt":"2022-07-03T06:52:25","slug":"la-pintecote","status":"publish","type":"page","link":"https:\/\/brasseriedesoignies.be\/index.php\/la-pintecote\/","title":{"rendered":"La Pintec\u00f4te"},"content":{"rendered":"\n<p>La Pintec\u00f4te est une bi\u00e8re blonde \u00e0 4,5% alc. brass\u00e9e avec des fleurs de sureau et des houblons choisis pour leurs notes aromatiques fleuries, \u00e9voquant le parcours du Tour Saint-Vincent qui a lieu le lundi de Pentec\u00f4te. <\/p>\n\n\n\n<p>Cette bi\u00e8re est \u00e9galement un hommage \u00e0 Saint-Vincent, patron de Soignies.<\/p>\n\n\n\n<figure class=\"wp-block-image size-full\"><img loading=\"lazy\" width=\"720\" height=\"720\" src=\"https:\/\/brasseriedesoignies.be\/wp-content\/uploads\/2022\/07\/rond-PC.png\" alt=\"\" class=\"wp-image-111\" srcset=\"https:\/\/brasseriedesoignies.be\/wp-content\/uploads\/2022\/07\/rond-PC.png 720w, https:\/\/brasseriedesoignies.be\/wp-content\/uploads\/2022\/07\/rond-PC-300x300.png 300w, https:\/\/brasseriedesoignies.be\/wp-content\/uploads\/2022\/07\/rond-PC-150x150.png 150w, https:\/\/brasseriedesoignies.be\/wp-content\/uploads\/2022\/07\/rond-PC-100x100.png 100w\" sizes=\"(max-width: 720px) 100vw, 720px\" \/><\/figure>\n\n\n\n<figure class=\"wp-block-image size-large\"><img loading=\"lazy\" width=\"1024\" height=\"614\" src=\"https:\/\/brasseriedesoignies.be\/wp-content\/uploads\/2022\/07\/Soignies_Pintecote-v5-33cl-1024x614.jpg\" alt=\"\" class=\"wp-image-112\" srcset=\"https:\/\/brasseriedesoignies.be\/wp-content\/uploads\/2022\/07\/Soignies_Pintecote-v5-33cl-1024x614.jpg 1024w, https:\/\/brasseriedesoignies.be\/wp-content\/uploads\/2022\/07\/Soignies_Pintecote-v5-33cl-300x180.jpg 300w, https:\/\/brasseriedesoignies.be\/wp-content\/uploads\/2022\/07\/Soignies_Pintecote-v5-33cl-768x461.jpg 768w, https:\/\/brasseriedesoignies.be\/wp-content\/uploads\/2022\/07\/Soignies_Pintecote-v5-33cl.jpg 1500w\" sizes=\"(max-width: 767px) 89vw, (max-width: 1000px) 54vw, (max-width: 1071px) 543px, 580px\" \/><\/figure>\n\n\n\n<p><strong>La petite histoire<\/strong><\/p>\n\n\n\n<p>Chaque lundi de Pentec\u00f4te, Soignies f\u00eate Saint Vincent (Vincent Madelgaire), patron et fondateur de la ville. Les habitants le f\u00eatent en parcourant les 12 km du \u00ab\u00a0Grand Tour\u00a0\u00bb durant lequel la ch\u00e2sse contenant les reliques de leur Saint Patron est port\u00e9e \u00e0 l&rsquo;\u00e9paule par les confr\u00e8res. D\u00e9j\u00e0 attest\u00e9e en 1262, cette procession est l&rsquo;une des plus anciennes de Belgique. <\/p>\n\n\n\n<p>Le \u00ab\u00a0Grand Tour\u00a0\u00bb est suivi d&rsquo;une procession historique dans le centre ville de Soignies o\u00f9 les reliques de Saint Vincent sont ramen\u00e9es \u00e0 la coll\u00e9giale. Le samedi pr\u00e9c\u00e9dant la Pentec\u00f4te, un pavois d\u2019oriflammes, appel\u00e9s \u00ab cale\u00e7ons de Saint-Vincent \u00bb est plac\u00e9 entre les deux fl\u00e8ches de la coll\u00e9giale pour marquer le d\u00e9but des festivit\u00e9s.<\/p>\n","protected":false},"excerpt":{"rendered":"<p>La Pintec\u00f4te est une bi\u00e8re blonde \u00e0 4,5% alc. brass\u00e9e avec des fleurs de sureau et des houblons choisis pour leurs notes aromatiques fleuries, \u00e9voquant le parcours du Tour Saint-Vincent qui a lieu le lundi de Pentec\u00f4te. Cette bi\u00e8re est \u00e9galement un hommage \u00e0 Saint-Vincent, patron de Soignies. La petite histoire Chaque lundi de Pentec\u00f4te, &hellip; <\/p>\n<p class=\"link-more\"><a href=\"https:\/\/brasseriedesoignies.be\/index.php\/la-pintecote\/\" class=\"more-link\">Continuer la lecture<span class=\"screen-reader-text\"> de &laquo;&nbsp;La Pintec\u00f4te&nbsp;&raquo;<\/span><\/a><\/p>\n","protected":false},"author":1,"featured_media":0,"parent":0,"menu_order":0,"comment_status":"closed","ping_status":"closed","template":"","meta":[],"yoast_head":"<!-- This site is optimized with the Yoast SEO plugin v19.3 - https:\/\/yoast.com\/wordpress\/plugins\/seo\/ -->\n<title>La Pintec\u00f4te - Brasserie de Soignies<\/title>\n<meta name=\"robots\" content=\"index, follow, max-snippet:-1, max-image-preview:large, max-video-preview:-1\" \/>\n<link rel=\"canonical\" href=\"https:\/\/brasseriedesoignies.be\/index.php\/la-pintecote\/\" \/>\n<meta property=\"og:locale\" content=\"fr_FR\" \/>\n<meta property=\"og:type\" content=\"article\" \/>\n<meta property=\"og:title\" content=\"La Pintec\u00f4te - Brasserie de Soignies\" \/>\n<meta property=\"og:description\" content=\"La Pintec\u00f4te est une bi\u00e8re blonde \u00e0 4,5% alc. brass\u00e9e avec des fleurs de sureau et des houblons choisis pour leurs notes aromatiques fleuries, \u00e9voquant le parcours du Tour Saint-Vincent qui a lieu le lundi de Pentec\u00f4te. Cette bi\u00e8re est \u00e9galement un hommage \u00e0 Saint-Vincent, patron de Soignies. La petite histoire Chaque lundi de Pentec\u00f4te, &hellip; Continuer la lecture de &laquo;&nbsp;La Pintec\u00f4te&nbsp;&raquo;\" \/>\n<meta property=\"og:url\" content=\"https:\/\/brasseriedesoignies.be\/index.php\/la-pintecote\/\" \/>\n<meta property=\"og:site_name\" content=\"Brasserie de Soignies\" \/>\n<meta property=\"article:publisher\" content=\"https:\/\/www.facebook.com\/BrasseriedeSoignies\" \/>\n<meta property=\"article:modified_time\" content=\"2022-07-03T06:52:25+00:00\" \/>\n<meta property=\"og:image\" content=\"https:\/\/brasseriedesoignies.be\/wp-content\/uploads\/2022\/07\/rond-PC.png\" \/>\n<meta name=\"twitter:card\" content=\"summary_large_image\" \/>\n<meta name=\"twitter:label1\" content=\"Dur\u00e9e de lecture estim\u00e9e\" \/>\n\t<meta name=\"twitter:data1\" content=\"1 minute\" \/>\n<script type=\"application\/ld+json\" class=\"yoast-schema-graph\">{\"@context\":\"https:\/\/schema.org\",\"@graph\":[{\"@type\":\"Organization\",\"@id\":\"https:\/\/brasseriedesoignies.be\/#organization\",\"name\":\"Brasserie de Soignies\",\"url\":\"https:\/\/brasseriedesoignies.be\/\",\"sameAs\":[\"https:\/\/www.instagram.com\/brasserie_de_soignies\/\",\"https:\/\/www.facebook.com\/BrasseriedeSoignies\"],\"logo\":{\"@type\":\"ImageObject\",\"inLanguage\":\"fr-FR\",\"@id\":\"https:\/\/brasseriedesoignies.be\/#\/schema\/logo\/image\/\",\"url\":\"https:\/\/brasseriedesoignies.be\/wp-content\/uploads\/2022\/07\/logo-hoppy-scaled.jpg\",\"contentUrl\":\"https:\/\/brasseriedesoignies.be\/wp-content\/uploads\/2022\/07\/logo-hoppy-scaled.jpg\",\"width\":2560,\"height\":1811,\"caption\":\"Brasserie de Soignies\"},\"image\":{\"@id\":\"https:\/\/brasseriedesoignies.be\/#\/schema\/logo\/image\/\"}},{\"@type\":\"WebSite\",\"@id\":\"https:\/\/brasseriedesoignies.be\/#website\",\"url\":\"https:\/\/brasseriedesoignies.be\/\",\"name\":\"Brasserie de Soignies\",\"description\":\"Le projet brassicole de la Brasserie Hoppy pour mettre en avant le patrimoine historique et culturel de la ville ainsi que mettre \u00e0 l\u2019honneur ses artisans et producteurs locaux\",\"publisher\":{\"@id\":\"https:\/\/brasseriedesoignies.be\/#organization\"},\"potentialAction\":[{\"@type\":\"SearchAction\",\"target\":{\"@type\":\"EntryPoint\",\"urlTemplate\":\"https:\/\/brasseriedesoignies.be\/?s={search_term_string}\"},\"query-input\":\"required name=search_term_string\"}],\"inLanguage\":\"fr-FR\"},{\"@type\":\"ImageObject\",\"inLanguage\":\"fr-FR\",\"@id\":\"https:\/\/brasseriedesoignies.be\/index.php\/la-pintecote\/#primaryimage\",\"url\":\"https:\/\/brasseriedesoignies.be\/wp-content\/uploads\/2022\/07\/rond-PC.png\",\"contentUrl\":\"https:\/\/brasseriedesoignies.be\/wp-content\/uploads\/2022\/07\/rond-PC.png\",\"width\":720,\"height\":720},{\"@type\":\"WebPage\",\"@id\":\"https:\/\/brasseriedesoignies.be\/index.php\/la-pintecote\/\",\"url\":\"https:\/\/brasseriedesoignies.be\/index.php\/la-pintecote\/\",\"name\":\"La Pintec\u00f4te - Brasserie de Soignies\",\"isPartOf\":{\"@id\":\"https:\/\/brasseriedesoignies.be\/#website\"},\"primaryImageOfPage\":{\"@id\":\"https:\/\/brasseriedesoignies.be\/index.php\/la-pintecote\/#primaryimage\"},\"datePublished\":\"2022-07-03T06:45:46+00:00\",\"dateModified\":\"2022-07-03T06:52:25+00:00\",\"breadcrumb\":{\"@id\":\"https:\/\/brasseriedesoignies.be\/index.php\/la-pintecote\/#breadcrumb\"},\"inLanguage\":\"fr-FR\",\"potentialAction\":[{\"@type\":\"ReadAction\",\"target\":[\"https:\/\/brasseriedesoignies.be\/index.php\/la-pintecote\/\"]}]},{\"@type\":\"BreadcrumbList\",\"@id\":\"https:\/\/brasseriedesoignies.be\/index.php\/la-pintecote\/#breadcrumb\",\"itemListElement\":[{\"@type\":\"ListItem\",\"position\":1,\"name\":\"Accueil\",\"item\":\"https:\/\/brasseriedesoignies.be\/\"},{\"@type\":\"ListItem\",\"position\":2,\"name\":\"La Pintec\u00f4te\"}]}]}<\/script>\n<!-- \/ Yoast SEO plugin. -->","yoast_head_json":{"title":"La Pintec\u00f4te - Brasserie de Soignies","robots":{"index":"index","follow":"follow","max-snippet":"max-snippet:-1","max-image-preview":"max-image-preview:large","max-video-preview":"max-video-preview:-1"},"canonical":"https:\/\/brasseriedesoignies.be\/index.php\/la-pintecote\/","og_locale":"fr_FR","og_type":"article","og_title":"La Pintec\u00f4te - Brasserie de Soignies","og_description":"La Pintec\u00f4te est une bi\u00e8re blonde \u00e0 4,5% alc. brass\u00e9e avec des fleurs de sureau et des houblons choisis pour leurs notes aromatiques fleuries, \u00e9voquant le parcours du Tour Saint-Vincent qui a lieu le lundi de Pentec\u00f4te. Cette bi\u00e8re est \u00e9galement un hommage \u00e0 Saint-Vincent, patron de Soignies. La petite histoire Chaque lundi de Pentec\u00f4te, &hellip; Continuer la lecture de &laquo;&nbsp;La Pintec\u00f4te&nbsp;&raquo;","og_url":"https:\/\/brasseriedesoignies.be\/index.php\/la-pintecote\/","og_site_name":"Brasserie de Soignies","article_publisher":"https:\/\/www.facebook.com\/BrasseriedeSoignies","article_modified_time":"2022-07-03T06:52:25+00:00","og_image":[{"url":"https:\/\/brasseriedesoignies.be\/wp-content\/uploads\/2022\/07\/rond-PC.png"}],"twitter_card":"summary_large_image","twitter_misc":{"Dur\u00e9e de lecture estim\u00e9e":"1 minute"},"schema":{"@context":"https:\/\/schema.org","@graph":[{"@type":"Organization","@id":"https:\/\/brasseriedesoignies.be\/#organization","name":"Brasserie de Soignies","url":"https:\/\/brasseriedesoignies.be\/","sameAs":["https:\/\/www.instagram.com\/brasserie_de_soignies\/","https:\/\/www.facebook.com\/BrasseriedeSoignies"],"logo":{"@type":"ImageObject","inLanguage":"fr-FR","@id":"https:\/\/brasseriedesoignies.be\/#\/schema\/logo\/image\/","url":"https:\/\/brasseriedesoignies.be\/wp-content\/uploads\/2022\/07\/logo-hoppy-scaled.jpg","contentUrl":"https:\/\/brasseriedesoignies.be\/wp-content\/uploads\/2022\/07\/logo-hoppy-scaled.jpg","width":2560,"height":1811,"caption":"Brasserie de Soignies"},"image":{"@id":"https:\/\/brasseriedesoignies.be\/#\/schema\/logo\/image\/"}},{"@type":"WebSite","@id":"https:\/\/brasseriedesoignies.be\/#website","url":"https:\/\/brasseriedesoignies.be\/","name":"Brasserie de Soignies","description":"Le projet brassicole de la Brasserie Hoppy pour mettre en avant le patrimoine historique et culturel de la ville ainsi que mettre \u00e0 l\u2019honneur ses artisans et producteurs locaux","publisher":{"@id":"https:\/\/brasseriedesoignies.be\/#organization"},"potentialAction":[{"@type":"SearchAction","target":{"@type":"EntryPoint","urlTemplate":"https:\/\/brasseriedesoignies.be\/?s={search_term_string}"},"query-input":"required name=search_term_string"}],"inLanguage":"fr-FR"},{"@type":"ImageObject","inLanguage":"fr-FR","@id":"https:\/\/brasseriedesoignies.be\/index.php\/la-pintecote\/#primaryimage","url":"https:\/\/brasseriedesoignies.be\/wp-content\/uploads\/2022\/07\/rond-PC.png","contentUrl":"https:\/\/brasseriedesoignies.be\/wp-content\/uploads\/2022\/07\/rond-PC.png","width":720,"height":720},{"@type":"WebPage","@id":"https:\/\/brasseriedesoignies.be\/index.php\/la-pintecote\/","url":"https:\/\/brasseriedesoignies.be\/index.php\/la-pintecote\/","name":"La Pintec\u00f4te - Brasserie de Soignies","isPartOf":{"@id":"https:\/\/brasseriedesoignies.be\/#website"},"primaryImageOfPage":{"@id":"https:\/\/brasseriedesoignies.be\/index.php\/la-pintecote\/#primaryimage"},"datePublished":"2022-07-03T06:45:46+00:00","dateModified":"2022-07-03T06:52:25+00:00","breadcrumb":{"@id":"https:\/\/brasseriedesoignies.be\/index.php\/la-pintecote\/#breadcrumb"},"inLanguage":"fr-FR","potentialAction":[{"@type":"ReadAction","target":["https:\/\/brasseriedesoignies.be\/index.php\/la-pintecote\/"]}]},{"@type":"BreadcrumbList","@id":"https:\/\/brasseriedesoignies.be\/index.php\/la-pintecote\/#breadcrumb","itemListElement":[{"@type":"ListItem","position":1,"name":"Accueil","item":"https:\/\/brasseriedesoignies.be\/"},{"@type":"ListItem","position":2,"name":"La Pintec\u00f4te"}]}]}},"_links":{"self":[{"href":"https:\/\/brasseriedesoignies.be\/index.php\/wp-json\/wp\/v2\/pages\/110"}],"collection":[{"href":"https:\/\/brasseriedesoignies.be\/index.php\/wp-json\/wp\/v2\/pages"}],"about":[{"href":"https:\/\/brasseriedesoignies.be\/index.php\/wp-json\/wp\/v2\/types\/page"}],"author":[{"embeddable":true,"href":"https:\/\/brasseriedesoignies.be\/index.php\/wp-json\/wp\/v2\/users\/1"}],"replies":[{"embeddable":true,"href":"https:\/\/brasseriedesoignies.be\/index.php\/wp-json\/wp\/v2\/comments?post=110"}],"version-history":[{"count":2,"href":"https:\/\/brasseriedesoignies.be\/index.php\/wp-json\/wp\/v2\/pages\/110\/revisions"}],"predecessor-version":[{"id":118,"href":"https:\/\/brasseriedesoignies.be\/index.php\/wp-json\/wp\/v2\/pages\/110\/revisions\/118"}],"wp:attachment":[{"href":"https:\/\/brasseriedesoignies.be\/index.php\/wp-json\/wp\/v2\/media?parent=110"}],"curies":[{"name":"wp","href":"https:\/\/api.w.org\/{rel}","templated":true}]}}